{"id":15,"date":"2025-11-25T16:32:35","date_gmt":"2025-11-25T22:32:35","guid":{"rendered":"https:\/\/eloteslosdosgranos.directorio-comercial.com\/?page_id=15"},"modified":"2025-12-04T03:21:24","modified_gmt":"2025-12-04T09:21:24","slug":"inicio","status":"publish","type":"page","link":"https:\/\/eloteslosdosgranos.directorio-comercial.com\/","title":{"rendered":"Inicio"},"content":{"rendered":"\n<div class=\"wp-block-columns alignfull is-layout-flex wp-container-core-columns-is-layout-28f84493 wp-block-columns-is-layout-flex\">\n<div class=\"wp-block-column is-layout-flow wp-block-column-is-layout-flow\" style=\"flex-basis:2%\"><\/div>\n\n\n\n<div class=\"wp-block-column is-layout-flow wp-block-column-is-layout-flow\" style=\"flex-basis:96%\">\n<div class=\"gb-element-f5df6724 alignwide\">\n<img loading=\"lazy\" decoding=\"async\" width=\"1583\" height=\"635\" data-media-id=\"16\" class=\"gb-media-9df52e20\" alt=\"\" src=\"https:\/\/eloteslosdosgranos.directorio-comercial.com\/wp-content\/uploads\/2025\/11\/poster.png\" title=\"poster\" srcset=\"https:\/\/eloteslosdosgranos.directorio-comercial.com\/wp-content\/uploads\/2025\/11\/poster.png 1583w, https:\/\/eloteslosdosgranos.directorio-comercial.com\/wp-content\/uploads\/2025\/11\/poster-300x120.png 300w, https:\/\/eloteslosdosgranos.directorio-comercial.com\/wp-content\/uploads\/2025\/11\/poster-1024x411.png 1024w, https:\/\/eloteslosdosgranos.directorio-comercial.com\/wp-content\/uploads\/2025\/11\/poster-768x308.png 768w, https:\/\/eloteslosdosgranos.directorio-comercial.com\/wp-content\/uploads\/2025\/11\/poster-1536x616.png 1536w\" sizes=\"auto, (max-width: 1583px) 100vw, 1583px\" \/>\n<\/div>\n<\/div>\n\n\n\n<div class=\"wp-block-column is-layout-flow wp-block-column-is-layout-flow\" style=\"flex-basis:2%\"><\/div>\n<\/div>\n\n\n\n<figure class=\"wp-block-video\"><video height=\"850\" style=\"aspect-ratio: 478 \/ 850;\" width=\"478\" autoplay controls muted src=\"https:\/\/eloteslosdosgranos.directorio-comercial.com\/wp-content\/uploads\/2025\/11\/1.mp4\"><\/video><\/figure>\n\n\n\n<div class=\"wp-block-group alignwide has-global-padding is-layout-constrained wp-block-group-is-layout-constrained\">\n<div class=\"wp-block-columns alignfull is-layout-flex wp-container-core-columns-is-layout-1029c0a2 wp-block-columns-is-layout-flex\" style=\"margin-top:0;margin-bottom:0;padding-top:var(--wp--preset--spacing--10);padding-bottom:var(--wp--preset--spacing--10)\">\n<div class=\"wp-block-column is-layout-flow wp-block-column-is-layout-flow\">\n<h2 class=\"wp-block-heading has-base-2-color has-text-color has-link-color wp-elements-2dbbcd0556be6c7ca160cb619b9c47ac\"><\/h2>\n<\/div>\n\n\n\n<div class=\"wp-block-column is-layout-flow wp-block-column-is-layout-flow\" style=\"flex-basis:66.66%\">\n<h3 class=\"gb-text gb-text-959a2c46\">\u00a1El Sabor que Enamora! Descubre ELOTES Y CHASKAS LOS 2 GRANOS DE ORO \u2728\ud83c\udf3d<\/h3>\n\n\n\n<p class=\"gb-text gb-text-af11e9e5\">\u00bfBuscas el snack perfecto para ti y tu familia? En ELOTES Y CHASKAS LOS 2 GRANOS DE ORO transformamos el ma\u00edz en una experiencia culinaria inolvidable que deleita a todo el p\u00fablico, desde los m\u00e1s peque\u00f1os hasta los paladares m\u00e1s exigentes.<\/p>\n<\/div>\n<\/div>\n\n\n\n<div style=\"height:30px\" aria-hidden=\"true\" class=\"wp-block-spacer\"><\/div>\n\n\n\n<div class=\"wp-block-columns alignfull is-layout-flex wp-container-core-columns-is-layout-2764e09b wp-block-columns-is-layout-flex\" style=\"margin-top:var(--wp--preset--spacing--10);margin-bottom:var(--wp--preset--spacing--10);padding-top:0;padding-right:0;padding-bottom:0;padding-left:0\">\n<div class=\"wp-block-column is-vertically-aligned-center is-layout-flow wp-block-column-is-layout-flow\" style=\"flex-basis:33.33%\">\n<div>\n<img loading=\"lazy\" decoding=\"async\" width=\"1012\" height=\"1024\" class=\"gb-media-91eb0d76\" alt=\"\" src=\"https:\/\/eloteslosdosgranos.directorio-comercial.com\/wp-content\/uploads\/2025\/11\/5-1012x1024.jpeg\" title=\"5\" srcset=\"https:\/\/eloteslosdosgranos.directorio-comercial.com\/wp-content\/uploads\/2025\/11\/5-1012x1024.jpeg 1012w, https:\/\/eloteslosdosgranos.directorio-comercial.com\/wp-content\/uploads\/2025\/11\/5-296x300.jpeg 296w, https:\/\/eloteslosdosgranos.directorio-comercial.com\/wp-content\/uploads\/2025\/11\/5-768x777.jpeg 768w, https:\/\/eloteslosdosgranos.directorio-comercial.com\/wp-content\/uploads\/2025\/11\/5.jpeg 1080w\" sizes=\"auto, (max-width: 1012px) 100vw, 1012px\" \/>\n<\/div>\n<\/div>\n\n\n\n<div class=\"wp-block-column is-layout-flow wp-block-column-is-layout-flow\" style=\"flex-basis:66.66%\">\n<h3 class=\"gb-text gb-text-3f25424a\">Cl\u00e1sicos Imprescindibles:<\/h3>\n\n\n\n<p class=\"gb-text gb-text-c5c37d8f\">* Elote Tradicional: La perfecci\u00f3n de un cl\u00e1sico, con mayonesa, queso y chile. <\/br>\r\n* Chaska Tradicional: El equilibrio perfecto de Mayonesa, queso y tu toque de chile favorito.<\/p>\n<\/div>\n<\/div>\n\n\n\n<div class=\"wp-block-columns alignfull is-layout-flex wp-container-core-columns-is-layout-63c0096e wp-block-columns-is-layout-flex\" style=\"margin-top:0;margin-bottom:0;padding-top:0;padding-right:0;padding-bottom:0;padding-left:0\">\n<div class=\"wp-block-column is-layout-flow wp-container-core-column-is-layout-b2a27621 wp-block-column-is-layout-flow\" style=\"padding-top:0;padding-right:0;padding-bottom:0;padding-left:0;flex-basis:66.66%\">\n<h3 class=\"gb-text gb-text-f074ecae\">Para los Aventurados:<\/h3>\n\n\n\n<p class=\"gb-text gb-text-065189af\">* Elote Rebolcado: Una explosi\u00f3n de sabor que tienes que probar. <\/br> * Elote Amarillo: Un gusto diferente y vibrante. <\/br> * Elote Marranada: \u00a1Solo para los que no temen a lo exagerado y delicioso!  <\/br>* Dorichaska: La chaska que se fusiona con el crujido de tus doritos preferidos.  <\/br>* Maruchaskas: La mezcla ideal para una comida r\u00e1pida y sabrosa.<\/p>\n<\/div>\n\n\n\n<div class=\"wp-block-column is-vertically-aligned-center is-layout-flow wp-block-column-is-layout-flow\" style=\"padding-top:0;padding-right:0;padding-bottom:0;padding-left:0;flex-basis:33.33%\">\n<div class=\"gb-element-909f3915\">\n<img loading=\"lazy\" decoding=\"async\" width=\"736\" height=\"981\" class=\"gb-media-8ee56145\" alt=\"\" src=\"https:\/\/eloteslosdosgranos.directorio-comercial.com\/wp-content\/uploads\/2025\/11\/4.jpeg\" title=\"4\" srcset=\"https:\/\/eloteslosdosgranos.directorio-comercial.com\/wp-content\/uploads\/2025\/11\/4.jpeg 736w, https:\/\/eloteslosdosgranos.directorio-comercial.com\/wp-content\/uploads\/2025\/11\/4-225x300.jpeg 225w\" sizes=\"auto, (max-width: 736px) 100vw, 736px\" \/>\n<\/div>\n<\/div>\n<\/div>\n\n\n\n<div class=\"wp-block-group alignwide has-background is-layout-flow wp-block-group-is-layout-flow\" style=\"border-radius:20px;background-color:#7cb342\">\n<h4 class=\"gb-text gb-text-87a47d67\">\ud83d\udd25 \u00a1NUEVO LANZAMIENTO EXPLOSIVO! \ud83d\udd25<\/br>\r\nPresentamos la PAPACHASKA: La combinaci\u00f3n que estabas esperando. \u00a1Pregunta por ella y s\u00e9 de los primeros en probar la nueva sensaci\u00f3n!<\/h4>\n<\/div>\n\n\n\n<div style=\"height:10px\" aria-hidden=\"true\" class=\"wp-block-spacer\"><\/div>\n\n\n\n<div class=\"wp-block-columns alignfull is-layout-flex wp-container-core-columns-is-layout-63c0096e wp-block-columns-is-layout-flex\" style=\"margin-top:0;margin-bottom:0;padding-top:0;padding-right:0;padding-bottom:0;padding-left:0\">\n<div class=\"wp-block-column is-layout-flow wp-block-column-is-layout-flow\" style=\"padding-top:0;padding-right:0;padding-bottom:0;padding-left:0;flex-basis:66.66%\">\n<p class=\"gb-text gb-text-ded01ca8\">\ud83c\udf36\ufe0f EL SECRETO DEL SABOR: \u00a1ADEREZOS ARTESANALES! \ud83c\udf36\ufe0f<\/p>\n\n\n\n<p class=\"gb-text gb-text-a199eaae\">Lleva tu elote o chaska al siguiente nivel con nuestras creaciones \u00fanicas, preparadas con ingredientes frescos y amor:<\/br>\r\n\u2022\u2060 \u2060\u200bTocino Habanero: La combinaci\u00f3n picosita y ahumada.<\/br>\r\n\u2022\u2060 \u2060\u200bJalape\u00f1o: Un toque fresco con el picor cl\u00e1sico.<\/br>\r\n\u2022\u2060 \u2060\u200bPi\u00f1a Piqu\u00edn: Lo dulce y lo picoso en equilibrio perfecto.<\/br>\r\n\u2022\u2060 \u2060\u200bChipotle: Cremoso, ahumado y adictivo.<\/br>\r\n\u2022\u2060 \u2060\u200b\u00a1Y nuestra legendaria Salsa MACHA! Para los verdaderos amantes del chile y el sabor.<\/p>\n<\/div>\n\n\n\n<div class=\"wp-block-column is-vertically-aligned-center is-layout-flow wp-block-column-is-layout-flow\" style=\"padding-top:0;padding-right:0;padding-bottom:0;padding-left:0;flex-basis:33.33%\">\n<div class=\"gb-element-02fe8045\">\n<img loading=\"lazy\" decoding=\"async\" width=\"1080\" height=\"814\" class=\"gb-media-8ee0a146\" alt=\"\" src=\"https:\/\/eloteslosdosgranos.directorio-comercial.com\/wp-content\/uploads\/2025\/11\/11.jpeg\" title=\"11\" srcset=\"https:\/\/eloteslosdosgranos.directorio-comercial.com\/wp-content\/uploads\/2025\/11\/11.jpeg 1080w, https:\/\/eloteslosdosgranos.directorio-comercial.com\/wp-content\/uploads\/2025\/11\/11-300x226.jpeg 300w, https:\/\/eloteslosdosgranos.directorio-comercial.com\/wp-content\/uploads\/2025\/11\/11-1024x772.jpeg 1024w, https:\/\/eloteslosdosgranos.directorio-comercial.com\/wp-content\/uploads\/2025\/11\/11-768x579.jpeg 768w\" sizes=\"auto, (max-width: 1080px) 100vw, 1080px\" \/>\n<\/div>\n<\/div>\n<\/div>\n<\/div>\n","protected":false},"excerpt":{"rendered":"<p>\u00a1El Sabor que Enamora! Descubre ELOTES Y CHASKAS LOS 2 GRANOS DE ORO \u2728\ud83c\udf3d \u00bfBuscas el snack perfecto para ti y tu familia? En ELOTES Y CHASKAS LOS 2 GRANOS DE ORO transformamos el ma\u00edz en una experiencia culinaria inolvidable que deleita a todo el p\u00fablico, desde los m\u00e1s peque\u00f1os hasta los paladares m\u00e1s exigentes. [&hellip;]<\/p>\n","protected":false},"author":1,"featured_media":0,"parent":0,"menu_order":0,"comment_status":"closed","ping_status":"closed","template":"page-no-title","meta":{"_acf_changed":false,"footnotes":""},"class_list":["post-15","page","type-page","status-publish","hentry"],"acf":[],"_links":{"self":[{"href":"https:\/\/eloteslosdosgranos.directorio-comercial.com\/index.php?rest_route=\/wp\/v2\/pages\/15","targetHints":{"allow":["GET"]}}],"collection":[{"href":"https:\/\/eloteslosdosgranos.directorio-comercial.com\/index.php?rest_route=\/wp\/v2\/pages"}],"about":[{"href":"https:\/\/eloteslosdosgranos.directorio-comercial.com\/index.php?rest_route=\/wp\/v2\/types\/page"}],"author":[{"embeddable":true,"href":"https:\/\/eloteslosdosgranos.directorio-comercial.com\/index.php?rest_route=\/wp\/v2\/users\/1"}],"replies":[{"embeddable":true,"href":"https:\/\/eloteslosdosgranos.directorio-comercial.com\/index.php?rest_route=%2Fwp%2Fv2%2Fcomments&post=15"}],"version-history":[{"count":5,"href":"https:\/\/eloteslosdosgranos.directorio-comercial.com\/index.php?rest_route=\/wp\/v2\/pages\/15\/revisions"}],"predecessor-version":[{"id":138,"href":"https:\/\/eloteslosdosgranos.directorio-comercial.com\/index.php?rest_route=\/wp\/v2\/pages\/15\/revisions\/138"}],"wp:attachment":[{"href":"https:\/\/eloteslosdosgranos.directorio-comercial.com\/index.php?rest_route=%2Fwp%2Fv2%2Fmedia&parent=15"}],"curies":[{"name":"wp","href":"https:\/\/api.w.org\/{rel}","templated":true}]}}